{"id":13629,"date":"2023-08-17T12:35:56","date_gmt":"2023-08-17T17:35:56","guid":{"rendered":"https:\/\/www.cojitambo.gob.ec\/?page_id=13629"},"modified":"2023-09-18T14:25:21","modified_gmt":"2023-09-18T19:25:21","slug":"noticias","status":"publish","type":"page","link":"https:\/\/www.cojitambo.gob.ec\/?page_id=13629","title":{"rendered":"Noticias"},"content":{"rendered":"<div dir=\"auto\"><span style=\"color: #003366;\">Iniciamos la semana <span class=\"x3nfvp2 x1j61x8r x1fcty0u xdj266r xhhsvwb xat24cr xgzva0m xxymvpz xlup9mm x1kky2od\"><img loading=\"lazy\" decoding=\"async\" src=\"https:\/\/static.xx.fbcdn.net\/images\/emoji.php\/v9\/tb8\/1\/16\/1f64c_1f3fb.png\" alt=\"\ud83d\ude4c\ud83c\udffb\" width=\"16\" height=\"16\" \/><\/span><\/span><\/div>\n<div dir=\"auto\"><em>Esta vez en la Comunidad de Guablincay recopilando informaci\u00f3n para los estudios de mantenimiento vial. Agradecemos a la <a class=\"x1i10hfl xjbqb8w x6umtig x1b1mbwd xaqea5y xav7gou x9f619 x1ypdohk xt0psk2 xe8uvvx xdj266r x11i5rnm xat24cr x1mh8g0r xexx8yu x4uap5 x18d9i69 xkhd6sd x16tdsg8 x1hl2dhg xggy1nq x1a2a7pz xt0b8zv x1qq9wsj xo1l8bm\" tabindex=\"0\" role=\"link\" href=\"https:\/\/www.facebook.com\/prefecturacanar?__cft__[0]=AZVKXHWuT2CSbpxK3npGVPhjfkO1J_CTa27X5gtW1N7hd20lAFXaMz2oowCModyovb9ZFbVkdPfUTZrQozLXlVgTY2-7vYIxi2UlR5BdGR3B0XmIHOvgMXd26cMg464xtgZc1E1fl6cNxDIghKbBJ8skARWleEqUmaEJl8rLc4fcTQ&amp;__tn__=-]K-R\"><span class=\"xt0psk2\">Prefectura del Ca\u00f1ar<\/span><\/a> por la gesti\u00f3n mancomunada.<\/em><\/div>\n<div dir=\"auto\"><em>\u00a1Vamos por m\u00e1s !<span class=\"x3nfvp2 x1j61x8r x1fcty0u xdj266r xhhsvwb xat24cr xgzva0m xxymvpz xlup9mm x1kky2od\"><img loading=\"lazy\" decoding=\"async\" src=\"https:\/\/static.xx.fbcdn.net\/images\/emoji.php\/v9\/t6c\/1\/16\/1f4aa.png\" alt=\"\ud83d\udcaa\" width=\"16\" height=\"16\" \/><\/span><\/em><\/div>\n<div dir=\"auto\"><em>Porque <a class=\"x1i10hfl xjbqb8w x6umtig x1b1mbwd xaqea5y xav7gou x9f619 x1ypdohk xt0psk2 xe8uvvx xdj266r x11i5rnm xat24cr x1mh8g0r xexx8yu x4uap5 x18d9i69 xkhd6sd x16tdsg8 x1hl2dhg xggy1nq x1a2a7pz xt0b8zv x1qq9wsj xo1l8bm\" tabindex=\"0\" role=\"link\" href=\"https:\/\/www.facebook.com\/hashtag\/cojitambolomerece?__eep__=6&amp;__cft__[0]=AZVKXHWuT2CSbpxK3npGVPhjfkO1J_CTa27X5gtW1N7hd20lAFXaMz2oowCModyovb9ZFbVkdPfUTZrQozLXlVgTY2-7vYIxi2UlR5BdGR3B0XmIHOvgMXd26cMg464xtgZc1E1fl6cNxDIghKbBJ8skARWleEqUmaEJl8rLc4fcTQ&amp;__tn__=*NK-R\">#CojitamboLoMerece<\/a><\/em><\/div>\n<p><a href=\"https:\/\/www.facebook.com\/adri.bravo.581\/videos\/672394104823399\/\">https:\/\/www.facebook.com\/adri.bravo.581\/videos\/672394104823399\/<\/a><\/p>\n<p><img loading=\"lazy\" decoding=\"async\" class=\"aligncenter wp-image-13683 size-medium\" src=\"https:\/\/www.cojitambo.gob.ec\/wp-content\/uploads\/2023\/09\/8d09eee6-c3e0-4023-a7ed-2cc67eb6c617-e1695064919746-171x300.jpg\" alt=\"\" width=\"171\" height=\"300\" srcset=\"https:\/\/www.cojitambo.gob.ec\/wp-content\/uploads\/2023\/09\/8d09eee6-c3e0-4023-a7ed-2cc67eb6c617-e1695064919746-171x300.jpg 171w, https:\/\/www.cojitambo.gob.ec\/wp-content\/uploads\/2023\/09\/8d09eee6-c3e0-4023-a7ed-2cc67eb6c617-e1695064919746-583x1024.jpg 583w, https:\/\/www.cojitambo.gob.ec\/wp-content\/uploads\/2023\/09\/8d09eee6-c3e0-4023-a7ed-2cc67eb6c617-e1695064919746.jpg 738w\" sizes=\"auto, (max-width: 171px) 100vw, 171px\" \/><\/p>\n<p>&nbsp;<\/p>\n<p style=\"text-align: center;\"><strong><span style=\"color: #003366;\">TALLER DE COCINA<\/span><\/strong><\/p>\n<p style=\"text-align: center;\"><span style=\"color: #003366;\"><em>MANOS A LA OLLA<\/em><\/span><\/p>\n<p>Te invitamos a ser parte de este taller gratuito para aprender cocina. Ven e inscr\u00edbete en las oficinas del GADPR de Cojitambo. Las inscripciones son totalmente gratuitas.<\/p>\n<p><img loading=\"lazy\" decoding=\"async\" class=\"aligncenter\" src=\"https:\/\/www.cojitambo.gob.ec\/wp-content\/uploads\/2023\/09\/371973520_963224501606076_8444776821932067958_n-150x150.jpg\" sizes=\"auto, (max-width: 150px) 100vw, 150px\" srcset=\"https:\/\/www.cojitambo.gob.ec\/wp-content\/uploads\/2023\/09\/371973520_963224501606076_8444776821932067958_n-150x150.jpg 150w, https:\/\/www.cojitambo.gob.ec\/wp-content\/uploads\/2023\/09\/371973520_963224501606076_8444776821932067958_n-300x300.jpg 300w, https:\/\/www.cojitambo.gob.ec\/wp-content\/uploads\/2023\/09\/371973520_963224501606076_8444776821932067958_n-1024x1024.jpg 1024w, https:\/\/www.cojitambo.gob.ec\/wp-content\/uploads\/2023\/09\/371973520_963224501606076_8444776821932067958_n-768x768.jpg 768w, https:\/\/www.cojitambo.gob.ec\/wp-content\/uploads\/2023\/09\/371973520_963224501606076_8444776821932067958_n-1536x1536.jpg 1536w, https:\/\/www.cojitambo.gob.ec\/wp-content\/uploads\/2023\/09\/371973520_963224501606076_8444776821932067958_n.jpg 1654w\" alt=\"\" width=\"252\" height=\"252\" \/><\/p>\n","protected":false},"excerpt":{"rendered":"<p>Iniciamos la semana Esta vez en la Comunidad de Guablincay recopilando informaci\u00f3n para los estudios de mantenimiento vial. Agradecemos a la Prefectura del Ca\u00f1ar por la gesti\u00f3n mancomunada. \u00a1Vamos por m\u00e1s ! Porque #CojitamboLoMerece https:\/\/www.facebook.com\/adri.bravo.581\/videos\/672394104823399\/ &nbsp; TALLER DE COCINA MANOS A LA OLLA Te invitamos a ser parte de este taller gratuito para aprender cocina. [&hellip;]<\/p>\n","protected":false},"author":1,"featured_media":0,"parent":0,"menu_order":0,"comment_status":"closed","ping_status":"closed","template":"","meta":{"footnotes":""},"class_list":["post-13629","page","type-page","status-publish","hentry"],"_links":{"self":[{"href":"https:\/\/www.cojitambo.gob.ec\/index.php?rest_route=\/wp\/v2\/pages\/13629","targetHints":{"allow":["GET"]}}],"collection":[{"href":"https:\/\/www.cojitambo.gob.ec\/index.php?rest_route=\/wp\/v2\/pages"}],"about":[{"href":"https:\/\/www.cojitambo.gob.ec\/index.php?rest_route=\/wp\/v2\/types\/page"}],"author":[{"embeddable":true,"href":"https:\/\/www.cojitambo.gob.ec\/index.php?rest_route=\/wp\/v2\/users\/1"}],"replies":[{"embeddable":true,"href":"https:\/\/www.cojitambo.gob.ec\/index.php?rest_route=%2Fwp%2Fv2%2Fcomments&post=13629"}],"version-history":[{"count":8,"href":"https:\/\/www.cojitambo.gob.ec\/index.php?rest_route=\/wp\/v2\/pages\/13629\/revisions"}],"predecessor-version":[{"id":13684,"href":"https:\/\/www.cojitambo.gob.ec\/index.php?rest_route=\/wp\/v2\/pages\/13629\/revisions\/13684"}],"wp:attachment":[{"href":"https:\/\/www.cojitambo.gob.ec\/index.php?rest_route=%2Fwp%2Fv2%2Fmedia&parent=13629"}],"curies":[{"name":"wp","href":"https:\/\/api.w.org\/{rel}","templated":true}]}}