{"id":288,"date":"2016-04-26T11:26:21","date_gmt":"2016-04-26T16:26:21","guid":{"rendered":"http:\/\/www.cojitambo.gob.ec\/?page_id=288"},"modified":"2023-09-18T13:30:24","modified_gmt":"2023-09-18T18:30:24","slug":"comisiones","status":"publish","type":"page","link":"https:\/\/www.cojitambo.gob.ec\/?page_id=288","title":{"rendered":"Comisiones"},"content":{"rendered":"<p>En cumplimiento con el Art. 67 y 68 del <span class=\"fontstyle0\">CODIGO ORGANICO DE ORGANIZACION TERRITORIAL &#8211; COOTAD.<\/span><\/p>\n<hr \/>\n<p><span style=\"color: #003366;\"><strong>COMISI\u00d3N DE MESA<\/strong><\/span><br \/>\n<em>&#8211; Lcdo. Klever\u00a0<\/em><i>Guam\u00e1n<\/i><br \/>\n<em>&#8211; Sr. Cristian Urgil\u00e9s<\/em><\/p>\n<p><span style=\"color: #003366;\"><strong>COMISI\u00d3N DE PLANIFICACI\u00d3N Y PRESUPUESTO<\/strong><\/span><br \/>\n<em>&#8211; Sr. Cristian Urgil\u00e9s<\/em><br \/>\n<em>&#8211; Abg. Cristian Sol\u00eds\u00a0<\/em><\/p>\n<p style=\"text-align: left;\"><span style=\"color: #003366;\"><strong>COMISI\u00d3N DE IGUALDAD Y G\u00c9NERO<\/strong><\/span><br \/>\n<em>&#8211; Abg. Cristian Sol\u00eds<\/em><br \/>\n<em>&#8211; Ing. Rosa Perguachi C.<\/em><\/p>\n<p>&nbsp;<\/p>\n","protected":false},"excerpt":{"rendered":"<p>En cumplimiento con el Art. 67 y 68 del CODIGO ORGANICO DE ORGANIZACION TERRITORIAL &#8211; COOTAD. COMISI\u00d3N DE MESA &#8211; Lcdo. Klever\u00a0Guam\u00e1n &#8211; Sr. Cristian Urgil\u00e9s COMISI\u00d3N DE PLANIFICACI\u00d3N Y PRESUPUESTO &#8211; Sr. Cristian Urgil\u00e9s &#8211; Abg. Cristian Sol\u00eds\u00a0 COMISI\u00d3N DE IGUALDAD Y G\u00c9NERO &#8211; Abg. Cristian Sol\u00eds &#8211; Ing. Rosa Perguachi C. &nbsp;<\/p>\n","protected":false},"author":1,"featured_media":0,"parent":279,"menu_order":0,"comment_status":"closed","ping_status":"closed","template":"","meta":{"footnotes":""},"class_list":["post-288","page","type-page","status-publish","hentry"],"_links":{"self":[{"href":"https:\/\/www.cojitambo.gob.ec\/index.php?rest_route=\/wp\/v2\/pages\/288","targetHints":{"allow":["GET"]}}],"collection":[{"href":"https:\/\/www.cojitambo.gob.ec\/index.php?rest_route=\/wp\/v2\/pages"}],"about":[{"href":"https:\/\/www.cojitambo.gob.ec\/index.php?rest_route=\/wp\/v2\/types\/page"}],"author":[{"embeddable":true,"href":"https:\/\/www.cojitambo.gob.ec\/index.php?rest_route=\/wp\/v2\/users\/1"}],"replies":[{"embeddable":true,"href":"https:\/\/www.cojitambo.gob.ec\/index.php?rest_route=%2Fwp%2Fv2%2Fcomments&post=288"}],"version-history":[{"count":14,"href":"https:\/\/www.cojitambo.gob.ec\/index.php?rest_route=\/wp\/v2\/pages\/288\/revisions"}],"predecessor-version":[{"id":13674,"href":"https:\/\/www.cojitambo.gob.ec\/index.php?rest_route=\/wp\/v2\/pages\/288\/revisions\/13674"}],"up":[{"embeddable":true,"href":"https:\/\/www.cojitambo.gob.ec\/index.php?rest_route=\/wp\/v2\/pages\/279"}],"wp:attachment":[{"href":"https:\/\/www.cojitambo.gob.ec\/index.php?rest_route=%2Fwp%2Fv2%2Fmedia&parent=288"}],"curies":[{"name":"wp","href":"https:\/\/api.w.org\/{rel}","templated":true}]}}